{"id":945,"date":"2020-05-29T12:03:04","date_gmt":"2020-05-29T10:03:04","guid":{"rendered":"https:\/\/www.vc-trade.de\/welcome\/?page_id=945"},"modified":"2021-02-15T16:48:59","modified_gmt":"2021-02-15T15:48:59","slug":"events","status":"publish","type":"page","link":"https:\/\/www.vc-trade.de\/welcome\/de\/events\/","title":{"rendered":"Events"},"content":{"rendered":"\n<div class=\"wp-block-cover has-background-dim stage--main is-style-none\" style=\"background-image:url(https:\/\/www.vc-trade.de\/welcome\/wp-content\/uploads\/2020\/06\/E1_Header.jpg)\"><div class=\"wp-block-cover__inner-container is-layout-flow wp-block-cover-is-layout-flow\">\n<h1 class=\"has-text-align-center wp-block-heading\">Melden Sie sich jetzt an!<\/h1>\n<\/div><\/div>\n\n\n\n<div class=\"wp-block-group grid__container stage\"><div class=\"wp-block-group__inner-container is-layout-flow wp-block-group-is-layout-flow\">\n<p class=\"has-text-align-center overline\">Produkte, Features und Innovationen<\/p>\n\n\n\n<h2 class=\"has-text-align-center has-bottom-line wp-block-heading\">Alle anstehenden Veranstaltungen<\/h2>\n\n\n\n<p class=\"has-text-align-center\">Registrieren Sie sich jetzt f\u00fcr eine unserer Veranstaltungen und erfahren Sie mehr zu den verschiedenen Funktionalit\u00e4ten und M\u00f6glichkeiten auf vc trade.<\/p>\n<\/div><\/div>\n","protected":false},"excerpt":{"rendered":"<p>Produkte, Features und Innovationen Alle anstehenden Veranstaltungen Registrieren Sie sich jetzt f\u00fcr eine unserer Veranstaltungen und erfahren Sie mehr zu den verschiedenen Funktionalit\u00e4ten und M\u00f6glichkeiten auf vc trade.<\/p>\n","protected":false},"author":6,"featured_media":0,"parent":0,"menu_order":0,"comment_status":"closed","ping_status":"closed","template":"page-templates\/page_events-overview.php","meta":{"footnotes":""},"class_list":["post-945","page","type-page","status-publish","hentry"],"yoast_head":"<!-- This site is optimized with the Yoast SEO plugin v27.4 - https:\/\/yoast.com\/product\/yoast-seo-wordpress\/ -->\n<title>Events - vc trade<\/title>\n<meta name=\"robots\" content=\"index, follow, max-snippet:-1, max-image-preview:large, max-video-preview:-1\" \/>\n<link rel=\"canonical\" href=\"https:\/\/www.vc-trade.de\/welcome\/de\/events\/\" \/>\n<meta property=\"og:locale\" content=\"de_DE\" \/>\n<meta property=\"og:type\" content=\"article\" \/>\n<meta property=\"og:title\" content=\"Events - vc trade\" \/>\n<meta property=\"og:description\" content=\"Produkte, Features und Innovationen Alle anstehenden Veranstaltungen Registrieren Sie sich jetzt f\u00fcr eine unserer Veranstaltungen und erfahren Sie mehr zu den verschiedenen Funktionalit\u00e4ten und M\u00f6glichkeiten auf vc trade.\" \/>\n<meta property=\"og:url\" content=\"https:\/\/www.vc-trade.de\/welcome\/de\/events\/\" \/>\n<meta property=\"og:site_name\" content=\"vc trade\" \/>\n<meta property=\"article:modified_time\" content=\"2021-02-15T15:48:59+00:00\" \/>\n<meta name=\"twitter:card\" content=\"summary_large_image\" \/>\n<meta name=\"twitter:label1\" content=\"Gesch\u00e4tzte Lesezeit\" \/>\n\t<meta name=\"twitter:data1\" content=\"1\u00a0Minute\" \/>\n<script type=\"application\/ld+json\" class=\"yoast-schema-graph\">{\"@context\":\"https:\\\/\\\/schema.org\",\"@graph\":[{\"@type\":\"WebPage\",\"@id\":\"https:\\\/\\\/www.vc-trade.de\\\/welcome\\\/de\\\/events\\\/\",\"url\":\"https:\\\/\\\/www.vc-trade.de\\\/welcome\\\/de\\\/events\\\/\",\"name\":\"Events - vc trade\",\"isPartOf\":{\"@id\":\"https:\\\/\\\/www.vc-trade.de\\\/welcome\\\/de\\\/#website\"},\"datePublished\":\"2020-05-29T10:03:04+00:00\",\"dateModified\":\"2021-02-15T15:48:59+00:00\",\"breadcrumb\":{\"@id\":\"https:\\\/\\\/www.vc-trade.de\\\/welcome\\\/de\\\/events\\\/#breadcrumb\"},\"inLanguage\":\"de\",\"potentialAction\":[{\"@type\":\"ReadAction\",\"target\":[\"https:\\\/\\\/www.vc-trade.de\\\/welcome\\\/de\\\/events\\\/\"]}]},{\"@type\":\"BreadcrumbList\",\"@id\":\"https:\\\/\\\/www.vc-trade.de\\\/welcome\\\/de\\\/events\\\/#breadcrumb\",\"itemListElement\":[{\"@type\":\"ListItem\",\"position\":1,\"name\":\"Start\",\"item\":\"https:\\\/\\\/www.vc-trade.de\\\/welcome\\\/de\\\/\"},{\"@type\":\"ListItem\",\"position\":2,\"name\":\"Events\"}]},{\"@type\":\"WebSite\",\"@id\":\"https:\\\/\\\/www.vc-trade.de\\\/welcome\\\/de\\\/#website\",\"url\":\"https:\\\/\\\/www.vc-trade.de\\\/welcome\\\/de\\\/\",\"name\":\"vc trade\",\"description\":\"Der Marktplatz der digitalen Zukunft\",\"publisher\":{\"@id\":\"https:\\\/\\\/www.vc-trade.de\\\/welcome\\\/de\\\/#organization\"},\"potentialAction\":[{\"@type\":\"SearchAction\",\"target\":{\"@type\":\"EntryPoint\",\"urlTemplate\":\"https:\\\/\\\/www.vc-trade.de\\\/welcome\\\/de\\\/?s={search_term_string}\"},\"query-input\":{\"@type\":\"PropertyValueSpecification\",\"valueRequired\":true,\"valueName\":\"search_term_string\"}}],\"inLanguage\":\"de\"},{\"@type\":\"Organization\",\"@id\":\"https:\\\/\\\/www.vc-trade.de\\\/welcome\\\/de\\\/#organization\",\"name\":\"vc trade\",\"url\":\"https:\\\/\\\/www.vc-trade.de\\\/welcome\\\/de\\\/\",\"logo\":{\"@type\":\"ImageObject\",\"inLanguage\":\"de\",\"@id\":\"https:\\\/\\\/www.vc-trade.de\\\/welcome\\\/de\\\/#\\\/schema\\\/logo\\\/image\\\/\",\"url\":\"https:\\\/\\\/www.vc-trade.de\\\/welcome\\\/wp-content\\\/uploads\\\/2020\\\/04\\\/logo.svg\",\"contentUrl\":\"https:\\\/\\\/www.vc-trade.de\\\/welcome\\\/wp-content\\\/uploads\\\/2020\\\/04\\\/logo.svg\",\"caption\":\"vc trade\"},\"image\":{\"@id\":\"https:\\\/\\\/www.vc-trade.de\\\/welcome\\\/de\\\/#\\\/schema\\\/logo\\\/image\\\/\"}}]}<\/script>\n<!-- \/ Yoast SEO plugin. -->","yoast_head_json":{"title":"Events - vc trade","robots":{"index":"index","follow":"follow","max-snippet":"max-snippet:-1","max-image-preview":"max-image-preview:large","max-video-preview":"max-video-preview:-1"},"canonical":"https:\/\/www.vc-trade.de\/welcome\/de\/events\/","og_locale":"de_DE","og_type":"article","og_title":"Events - vc trade","og_description":"Produkte, Features und Innovationen Alle anstehenden Veranstaltungen Registrieren Sie sich jetzt f\u00fcr eine unserer Veranstaltungen und erfahren Sie mehr zu den verschiedenen Funktionalit\u00e4ten und M\u00f6glichkeiten auf vc trade.","og_url":"https:\/\/www.vc-trade.de\/welcome\/de\/events\/","og_site_name":"vc trade","article_modified_time":"2021-02-15T15:48:59+00:00","twitter_card":"summary_large_image","twitter_misc":{"Gesch\u00e4tzte Lesezeit":"1\u00a0Minute"},"schema":{"@context":"https:\/\/schema.org","@graph":[{"@type":"WebPage","@id":"https:\/\/www.vc-trade.de\/welcome\/de\/events\/","url":"https:\/\/www.vc-trade.de\/welcome\/de\/events\/","name":"Events - vc trade","isPartOf":{"@id":"https:\/\/www.vc-trade.de\/welcome\/de\/#website"},"datePublished":"2020-05-29T10:03:04+00:00","dateModified":"2021-02-15T15:48:59+00:00","breadcrumb":{"@id":"https:\/\/www.vc-trade.de\/welcome\/de\/events\/#breadcrumb"},"inLanguage":"de","potentialAction":[{"@type":"ReadAction","target":["https:\/\/www.vc-trade.de\/welcome\/de\/events\/"]}]},{"@type":"BreadcrumbList","@id":"https:\/\/www.vc-trade.de\/welcome\/de\/events\/#breadcrumb","itemListElement":[{"@type":"ListItem","position":1,"name":"Start","item":"https:\/\/www.vc-trade.de\/welcome\/de\/"},{"@type":"ListItem","position":2,"name":"Events"}]},{"@type":"WebSite","@id":"https:\/\/www.vc-trade.de\/welcome\/de\/#website","url":"https:\/\/www.vc-trade.de\/welcome\/de\/","name":"vc trade","description":"Der Marktplatz der digitalen Zukunft","publisher":{"@id":"https:\/\/www.vc-trade.de\/welcome\/de\/#organization"},"potentialAction":[{"@type":"SearchAction","target":{"@type":"EntryPoint","urlTemplate":"https:\/\/www.vc-trade.de\/welcome\/de\/?s={search_term_string}"},"query-input":{"@type":"PropertyValueSpecification","valueRequired":true,"valueName":"search_term_string"}}],"inLanguage":"de"},{"@type":"Organization","@id":"https:\/\/www.vc-trade.de\/welcome\/de\/#organization","name":"vc trade","url":"https:\/\/www.vc-trade.de\/welcome\/de\/","logo":{"@type":"ImageObject","inLanguage":"de","@id":"https:\/\/www.vc-trade.de\/welcome\/de\/#\/schema\/logo\/image\/","url":"https:\/\/www.vc-trade.de\/welcome\/wp-content\/uploads\/2020\/04\/logo.svg","contentUrl":"https:\/\/www.vc-trade.de\/welcome\/wp-content\/uploads\/2020\/04\/logo.svg","caption":"vc trade"},"image":{"@id":"https:\/\/www.vc-trade.de\/welcome\/de\/#\/schema\/logo\/image\/"}}]}},"_links":{"self":[{"href":"https:\/\/www.vc-trade.de\/welcome\/de\/wp-json\/wp\/v2\/pages\/945","targetHints":{"allow":["GET"]}}],"collection":[{"href":"https:\/\/www.vc-trade.de\/welcome\/de\/wp-json\/wp\/v2\/pages"}],"about":[{"href":"https:\/\/www.vc-trade.de\/welcome\/de\/wp-json\/wp\/v2\/types\/page"}],"author":[{"embeddable":true,"href":"https:\/\/www.vc-trade.de\/welcome\/de\/wp-json\/wp\/v2\/users\/6"}],"replies":[{"embeddable":true,"href":"https:\/\/www.vc-trade.de\/welcome\/de\/wp-json\/wp\/v2\/comments?post=945"}],"version-history":[{"count":2,"href":"https:\/\/www.vc-trade.de\/welcome\/de\/wp-json\/wp\/v2\/pages\/945\/revisions"}],"predecessor-version":[{"id":2603,"href":"https:\/\/www.vc-trade.de\/welcome\/de\/wp-json\/wp\/v2\/pages\/945\/revisions\/2603"}],"wp:attachment":[{"href":"https:\/\/www.vc-trade.de\/welcome\/de\/wp-json\/wp\/v2\/media?parent=945"}],"curies":[{"name":"wp","href":"https:\/\/api.w.org\/{rel}","templated":true}]}}