{"id":5,"date":"2020-04-02T21:03:21","date_gmt":"2020-04-02T19:03:21","guid":{"rendered":"https:\/\/www.vc-trade.de\/welcome\/about\/"},"modified":"2022-04-09T08:28:11","modified_gmt":"2022-04-09T06:28:11","slug":"ueber-uns","status":"publish","type":"page","link":"https:\/\/www.vc-trade.de\/welcome\/de\/ueber-uns\/","title":{"rendered":"\u00dcber uns"},"content":{"rendered":"\n<div class=\"wp-block-cover is-light has-parallax stage--main is-style-none\" style=\"background-image:url(https:\/\/www.vc-trade.de\/welcome\/wp-content\/uploads\/2020\/06\/UE1_Header.jpg)\"><span aria-hidden=\"true\" class=\"has-background-dim-0 wp-block-cover__gradient-background has-background-dim\"><\/span><div class=\"wp-block-cover__inner-container is-layout-flow wp-block-cover-is-layout-flow\">\n<h1 class=\"has-text-align-center has-white-color has-text-color wp-block-heading\">\u00dcber uns<\/h1>\n<\/div><\/div>\n\n\n\n<div class=\"wp-block-group stage grid__container\"><div class=\"wp-block-group__inner-container is-layout-flow wp-block-group-is-layout-flow\">\n<p class=\"has-text-align-center overline\">Zukunft gestalten<\/p>\n\n\n\n<h2 class=\"has-text-align-center has-bottom-line wp-block-heading\">Unsere Mission<\/h2>\n\n\n\n<div style=\"height:68px\" aria-hidden=\"true\" class=\"wp-block-spacer hide\"><\/div>\n\n\n\n<div class=\"wp-block-columns is-layout-flex wp-container-core-columns-is-layout-9d6595d7 wp-block-columns-is-layout-flex\">\n<div class=\"wp-block-column is-vertically-aligned-center is-layout-flow wp-block-column-is-layout-flow\">\n<p class=\"has-text-align-center\">Between next and now is how<\/p>\n\n\n\n<p class=\"has-text-align-center\">Wir gestalten die Zukunft der digitalen Unternehmensfinanzierung. Die Plattformisierung wird das Banking der Zukunft ma\u00dfgeblich pr\u00e4gen \u2013 zum Vorteil f\u00fcr alle beteiligten Marktteilnehmer.<br><br>vc trade steht hierbei f\u00fcr einen innovativen, digitalen und effizienten Marktplatz f\u00fcr Unternehmensfinanzierung und f\u00fcr eine hochsichere Infrastruktur die Front-to-Back Abbildung von Transaktionen erm\u00f6glicht. Wir etablieren neue Standards, automatisieren Arbeitsabl\u00e4ufe und machen modernste Technologien f\u00fcr alle Marktteilnehmer verf\u00fcgbar.&nbsp;<\/p>\n<\/div>\n\n\n\n<div class=\"wp-block-column is-vertically-aligned-center bring-forward--on-mobile is-layout-flow wp-block-column-is-layout-flow\">\n<div class=\"wp-block-group has-fragment-border--reversed\"><div class=\"wp-block-group__inner-container is-layout-flow wp-block-group-is-layout-flow\">\n<figure class=\"wp-block-image size-large\"><img loading=\"lazy\" decoding=\"async\" width=\"1024\" height=\"632\" src=\"https:\/\/www.vc-trade.de\/welcome\/wp-content\/uploads\/2020\/07\/UE3_Rakete-1024x632.jpg\" alt=\"Raketenstart\" class=\"wp-image-1383\" srcset=\"https:\/\/www.vc-trade.de\/welcome\/wp-content\/uploads\/2020\/07\/UE3_Rakete-1024x632.jpg 1024w, https:\/\/www.vc-trade.de\/welcome\/wp-content\/uploads\/2020\/07\/UE3_Rakete-300x185.jpg 300w, https:\/\/www.vc-trade.de\/welcome\/wp-content\/uploads\/2020\/07\/UE3_Rakete-768x474.jpg 768w, https:\/\/www.vc-trade.de\/welcome\/wp-content\/uploads\/2020\/07\/UE3_Rakete-1536x949.jpg 1536w, https:\/\/www.vc-trade.de\/welcome\/wp-content\/uploads\/2020\/07\/UE3_Rakete-2048x1265.jpg 2048w\" sizes=\"auto, (max-width: 1024px) 100vw, 1024px\" \/><\/figure>\n\n\n\n<span class=\"fragment-border\"><\/span>\n<\/div><\/div>\n<\/div>\n<\/div>\n<\/div><\/div>\n\n\n\n<div class=\"wp-block-group has-very-light-gray-background-color has-background\"><div class=\"wp-block-group__inner-container is-layout-flow wp-block-group-is-layout-flow\">\n<div class=\"wp-block-group stage\"><div class=\"wp-block-group__inner-container is-layout-flow wp-block-group-is-layout-flow\">\n<h2 class=\"has-text-align-center has-bottom-line wp-block-heading\">Unser Beitrag zu einer gr\u00fcnen Zukunft<\/h2>\n\n\n\n<div class=\"wp-block-columns js-revealer is-layout-flex wp-container-core-columns-is-layout-9d6595d7 wp-block-columns-is-layout-flex\">\n<div class=\"wp-block-column is-layout-flow wp-block-column-is-layout-flow\">\n<div class=\"wp-block-group js-revealer__item\"><div class=\"wp-block-group__inner-container is-layout-flow wp-block-group-is-layout-flow\">\n<div class=\"wp-block-image\"><figure class=\"aligncenter size-large is-resized\"><img loading=\"lazy\" decoding=\"async\" src=\"https:\/\/www.vc-trade.de\/welcome\/wp-content\/uploads\/2020\/06\/icon_ESG_Int1.svg\" alt=\"\" class=\"wp-image-1225\" width=\"130\" height=\"130\"\/><\/figure><\/div>\n\n\n\n<h4 class=\"has-text-align-center wp-block-heading\">Papierloser Office Betrieb<\/h4>\n<\/div><\/div>\n<\/div>\n\n\n\n<div class=\"wp-block-column is-layout-flow wp-block-column-is-layout-flow\">\n<div class=\"wp-block-group js-revealer__item\"><div class=\"wp-block-group__inner-container is-layout-flow wp-block-group-is-layout-flow\">\n<div class=\"wp-block-image\"><figure class=\"aligncenter size-large is-resized\"><img loading=\"lazy\" decoding=\"async\" src=\"https:\/\/www.vc-trade.de\/welcome\/wp-content\/uploads\/2020\/06\/icon_ESG_int2.svg\" alt=\"\" class=\"wp-image-1227\" width=\"130\" height=\"130\"\/><\/figure><\/div>\n\n\n\n<h4 class=\"has-text-align-center wp-block-heading\">Dienstreisen mit \u00f6ffentlichen Verkehrsmitteln<\/h4>\n<\/div><\/div>\n<\/div>\n\n\n\n<div class=\"wp-block-column is-layout-flow wp-block-column-is-layout-flow\">\n<div class=\"wp-block-group js-revealer__item\"><div class=\"wp-block-group__inner-container is-layout-flow wp-block-group-is-layout-flow\">\n<div class=\"wp-block-image\"><figure class=\"aligncenter size-large is-resized\"><img loading=\"lazy\" decoding=\"async\" src=\"https:\/\/www.vc-trade.de\/welcome\/wp-content\/uploads\/2020\/06\/icon_ESG_int3.svg\" alt=\"\" class=\"wp-image-1229\" width=\"130\" height=\"130\"\/><\/figure><\/div>\n\n\n\n<h4 class=\"has-text-align-center wp-block-heading\">Server mit 100% \u00d6kostrom<\/h4>\n<\/div><\/div>\n<\/div>\n<\/div>\n<\/div><\/div>\n<\/div><\/div>\n\n\n\n<div class=\"wp-block-group stage grid__container\"><div class=\"wp-block-group__inner-container is-layout-flow wp-block-group-is-layout-flow\">\n<h3 class=\"has-text-align-center overline has-very-dark-gray-color has-text-color wp-block-heading\">Das Team<\/h3>\n\n\n\n<h2 class=\"has-text-align-center has-small-line-length has-bottom-line has-very-dark-gray-color has-text-color wp-block-heading\">Die K\u00f6pfe hinter der Plattform<\/h2>\n\n\n\n<p class=\"has-text-align-center has-very-dark-gray-color has-text-color\">Neben dem Gr\u00fcndertrio w\u00e4chst unser Team fortw\u00e4hrend. Wir arbeiten kontinuierlich an der Gestaltung und Verbesserung der Kreditm\u00e4rkte von morgen. Unser Team, das sich auf drei Standorte verteilt, besteht aus \u00fcber 25 Mitarbeitern mit sieben verschiedenen Nationalit\u00e4ten. Insbesondere unsere hohe Affinit\u00e4t zur Technologie und unser vielf\u00e4ltiger Bildungshintergrund erm\u00f6glichen es uns, die f\u00fchrende Plattforml\u00f6sung f\u00fcr digitale Fremdfinanzierung im Markt anzubieten.<\/p>\n<\/div><\/div>\n\n\n\n<div class=\"wp-block-group grid__container\"><div class=\"wp-block-group__inner-container is-layout-flow wp-block-group-is-layout-flow\">\n<div class=\"wp-block-columns team is-layout-flex wp-container-core-columns-is-layout-9d6595d7 wp-block-columns-is-layout-flex\">\n<div class=\"wp-block-column is-layout-flow wp-block-column-is-layout-flow\">\n<div class=\"team__member\">\n    <figure class=\"team__member-image\">\n        <img decoding=\"async\" src=\"https:\/\/www.vc-trade.de\/welcome\/wp-content\/uploads\/2020\/08\/Stefan-Fromme-683x1024.jpg\" alt=\"Stefan Fromme\">\n    <\/figure>\n    <div class=\"team__member-name\">\n        <h3>Stefan Fromme<\/h3>\n        <div class=\"title\">Managing Partner<\/div>\n    <\/div>\n    <div class=\"team__member-info\">\n        <div class=\"team__member-copy\">\n           Stefan ist Co-Founder von vc trade und zust\u00e4ndig f\u00fcr die Strategie, Produktdesign und Vertrieb. <br> <br> Vor Gr\u00fcndung von vc trade war Stefan im Kapitalmarktgesch\u00e4ft mit unterschiedlichen Zust\u00e4ndigkeiten f\u00fcr Gro\u00dfbanken t\u00e4tig. Zuletzt war er bei der LBBW f\u00fcr das Clearing von Derivaten verantwortlich. \n\n        <\/div>\n        <div class=\"team__member-contact\">\n            <a href=\"mailto:stefan.fromme@vc-trade.de\">\n                <span class=\"material-icons\">\n                    mail_outline\n                <\/span>\n            <\/a>\n            <a href=\"tel:+4969945198863\">\n                <span class=\"material-icons\">\n                    phone\n                <\/span>\n            <\/a>\n            <a href=\"https:\/\/www.linkedin.com\/in\/stefan-fromme-4626b2172\/\" target=\"_blank\" rel=\"noopener noreferrer\">\n                <svg xmlns=\"http:\/\/www.w3.org\/2000\/svg\" width=\"24\" height=\"24\">\n                    <path fill=\"#fff\" d=\"M19 3a2 2 0 0 1 2 2v14a2 2 0 0 1-2 2H5a2 2 0 0 1-2-2V5a2 2 0 0 1 2-2h14m-.5 15.5v-5.3a3.26 3.26 0 0 0-3.26-3.26c-.85 0-1.84.52-2.32 1.3v-1.11h-2.79v8.37h2.79v-4.93c0-.77.62-1.4 1.39-1.4a1.4 1.4 0 0 1 1.4 1.4v4.93h2.79M6.88 8.56a1.68 1.68 0 0 0 1.68-1.68c0-.93-.75-1.69-1.68-1.69a1.69 1.69 0 0 0-1.69 1.69c0 .93.76 1.68 1.69 1.68m1.39 9.94v-8.37H5.5v8.37h2.77z\"><\/path>\n                <\/svg>\n            <\/a>\n            <a href=\"https:\/\/www.xing.com\/profile\/Stefan_Fromme2\/cv\" target=\"_blank\" rel=\"noopener noreferrer\">\n                <svg xmlns=\"http:\/\/www.w3.org\/2000\/svg\" width=\"24\" height=\"24\">\n                    <path fill=\"#fff\" d=\"M4.8 3C3.8 3 3 3.8 3 4.8v14.4c0 1 .8 1.8 1.8 1.8h14.4c1 0 1.8-.8 1.8-1.8V4.8c0-1-.8-1.8-1.8-1.8m-3.13 2h2.04c.12 0 .22.04.26.13.06.09.06.2 0 .31l-4.47 7.92 2.85 5.2c.06.11.06.22 0 .31-.05.08-.14.13-.25.13h-2.03c-.31 0-.47-.21-.56-.39l-2.87-5.26 4.49-7.96c.11-.2.24-.39.54-.39M7.09 7.76H9.1c.31 0 .47.2.57.39l1.39 2.42c-.09.14-2.18 3.85-2.18 3.85-.11.19-.25.39-.56.39H6.3c-.12 0-.21-.05-.26-.14a.413.413 0 0 1 0-.31l2.14-3.79L6.82 8.2c-.05-.11-.07-.2-.01-.31.05-.08.15-.13.28-.13z\"><\/path>\n                <\/svg>\n            <\/a>\n        <\/div>\n    <\/div>\n<\/div>\n<\/div>\n\n\n\n<div class=\"wp-block-column is-layout-flow wp-block-column-is-layout-flow\">\n<div class=\"team__member\">\n    <figure class=\"team__member-image\">\n        <img decoding=\"async\" src=\"https:\/\/www.vc-trade.de\/welcome\/wp-content\/uploads\/2020\/08\/Tobias-Zo\u0308ller-683x1024.jpg\" alt=\"Tobias Z\u00f6ller\">\n    <\/figure>\n    <div class=\"team__member-name\">\n        <h3>Tobias Z\u00f6ller<\/h3>\n        <div class=\"title\">Managing Partner<\/div>\n    <\/div>\n    <div class=\"team__member-info\">\n        <div class=\"team__member-copy\">Tobias ist Co-Founder von vc trade und verantwortet die fachliche und technische Produktentwicklung sowie das operative Gesch\u00e4ft.<br><br>Vor Gr\u00fcndung von vc trade arbeitete Tobias als Berater und Projektmanager und war f\u00fcr diverse (IT-)Projekte im Kapitalmarktgesch\u00e4ft unterschiedlichster Banken verantwortlich.\n\n        <\/div>\n        <div class=\"team__member-contact\">\n            <a href=\"mailto:tobias.zoeller@vc-trade.de\">\n                <span class=\"material-icons\">\n                    mail_outline\n                <\/span>\n            <\/a>\n            <a href=\"tel:+4969945198864\">\n                <span class=\"material-icons\">\n                    phone\n                <\/span>\n            <\/a>\n            <a href=\"https:\/\/www.linkedin.com\/in\/tobias-z%C3%B6ller-b15ba1179\/\" target=\"_blank\" rel=\"noopener noreferrer\">\n                <svg xmlns=\"http:\/\/www.w3.org\/2000\/svg\" width=\"24\" height=\"24\">\n                    <path fill=\"#fff\" d=\"M19 3a2 2 0 0 1 2 2v14a2 2 0 0 1-2 2H5a2 2 0 0 1-2-2V5a2 2 0 0 1 2-2h14m-.5 15.5v-5.3a3.26 3.26 0 0 0-3.26-3.26c-.85 0-1.84.52-2.32 1.3v-1.11h-2.79v8.37h2.79v-4.93c0-.77.62-1.4 1.39-1.4a1.4 1.4 0 0 1 1.4 1.4v4.93h2.79M6.88 8.56a1.68 1.68 0 0 0 1.68-1.68c0-.93-.75-1.69-1.68-1.69a1.69 1.69 0 0 0-1.69 1.69c0 .93.76 1.68 1.69 1.68m1.39 9.94v-8.37H5.5v8.37h2.77z\"><\/path>\n                <\/svg>\n            <\/a>\n            <a href=\"https:\/\/www.xing.com\/profile\/Tobias_Zoeller2\/cv\" target=\"_blank\" rel=\"noopener noreferrer\">\n                <svg xmlns=\"http:\/\/www.w3.org\/2000\/svg\" width=\"24\" height=\"24\">\n                    <path fill=\"#fff\" d=\"M4.8 3C3.8 3 3 3.8 3 4.8v14.4c0 1 .8 1.8 1.8 1.8h14.4c1 0 1.8-.8 1.8-1.8V4.8c0-1-.8-1.8-1.8-1.8m-3.13 2h2.04c.12 0 .22.04.26.13.06.09.06.2 0 .31l-4.47 7.92 2.85 5.2c.06.11.06.22 0 .31-.05.08-.14.13-.25.13h-2.03c-.31 0-.47-.21-.56-.39l-2.87-5.26 4.49-7.96c.11-.2.24-.39.54-.39M7.09 7.76H9.1c.31 0 .47.2.57.39l1.39 2.42c-.09.14-2.18 3.85-2.18 3.85-.11.19-.25.39-.56.39H6.3c-.12 0-.21-.05-.26-.14a.413.413 0 0 1 0-.31l2.14-3.79L6.82 8.2c-.05-.11-.07-.2-.01-.31.05-.08.15-.13.28-.13z\"><\/path>\n                    <\/svg>\n            <\/a>\n        <\/div>\n    <\/div>\n<\/div>\n<\/div>\n\n\n\n<div class=\"wp-block-column is-layout-flow wp-block-column-is-layout-flow\">\n<div class=\"team__member\">\n    <figure class=\"team__member-image\">\n        <img decoding=\"async\" src=\"https:\/\/www.vc-trade.de\/welcome\/wp-content\/uploads\/2020\/08\/Sebastian-Glock-683x1024.jpg\" alt=\"Sebastian Glock\">\n    <\/figure>\n    <div class=\"team__member-name\">\n        <h3>Dr. Sebastian Glock<\/h3>\n        <div class=\"title\">Gr\u00fcnder<\/div>\n    <\/div>\n    <div class=\"team__member-info\">\n        <div class=\"team__member-copy\">\n            Sebastian ist Rechtsanwalt und Co-Founder von vc trade und betreut rechtliche und regulatorische Fragen im Zusammenhang mit dem Serviceangebot der Plattform vc trade.<br><br>Vor Gr\u00fcndung von vc trade hat Sebastian als Teil der Kapitalmarktpraxis einer renommierten internationalen Anwaltskanzlei umfangreiche Erfahrungen im Kapitalmarktrecht und in strukturierten Finanzierungen gesammelt.\n\n        <\/div>\n        <div class=\"team__member-contact\">\n            <a href=\"mailto:sebastian.glock@vc-trade.de\"> \t\n                <span class=\"material-icons\">\n                mail_outline\n                <\/span> \n            <\/a>\n            <a href=\"tel:+4969945198867\"> \t\n                <span class=\"material-icons\">\n                phone\n                <\/span> \n            <\/a>\n            <a href=\"https:\/\/www.linkedin.com\/in\/sebastianglock\/\" target=\"_blank\" rel=\"noopener noreferrer\">\n                <svg xmlns=\"http:\/\/www.w3.org\/2000\/svg\" width=\"24\" height=\"24\">\n                    <path fill=\"#fff\" d=\"M19 3a2 2 0 0 1 2 2v14a2 2 0 0 1-2 2H5a2 2 0 0 1-2-2V5a2 2 0 0 1 2-2h14m-.5 15.5v-5.3a3.26 3.26 0 0 0-3.26-3.26c-.85 0-1.84.52-2.32 1.3v-1.11h-2.79v8.37h2.79v-4.93c0-.77.62-1.4 1.39-1.4a1.4 1.4 0 0 1 1.4 1.4v4.93h2.79M6.88 8.56a1.68 1.68 0 0 0 1.68-1.68c0-.93-.75-1.69-1.68-1.69a1.69 1.69 0 0 0-1.69 1.69c0 .93.76 1.68 1.69 1.68m1.39 9.94v-8.37H5.5v8.37h2.77z\"><\/path>\n                    <\/svg>\n            <\/a>\n        <\/div>\n    <\/div>\n<\/div>\n<\/div>\n<\/div>\n<\/div><\/div>\n\n\n\n<div style=\"height:100px\" aria-hidden=\"true\" class=\"wp-block-spacer\"><\/div>\n","protected":false},"excerpt":{"rendered":"<p>Zukunft gestalten Unsere Mission Between next and now is how Wir gestalten die Zukunft der digitalen Unternehmensfinanzierung. Die Plattformisierung wird das Banking der Zukunft ma\u00dfgeblich pr\u00e4gen \u2013 zum Vorteil f\u00fcr&#8230;<\/p>\n","protected":false},"author":6,"featured_media":0,"parent":0,"menu_order":0,"comment_status":"closed","ping_status":"closed","template":"page-templates\/page_full-width.php","meta":{"footnotes":""},"class_list":["post-5","page","type-page","status-publish","hentry"],"yoast_head":"<!-- This site is optimized with the Yoast SEO plugin v27.5 - https:\/\/yoast.com\/product\/yoast-seo-wordpress\/ -->\n<title>\u00dcber uns - vc trade<\/title>\n<meta name=\"description\" content=\"Wir stehen f\u00fcr Innovation und Fortschritt. Lernen Sie unsere Mission und unser Team kennen.\" \/>\n<meta name=\"robots\" content=\"index, follow, max-snippet:-1, max-image-preview:large, max-video-preview:-1\" \/>\n<link rel=\"canonical\" href=\"https:\/\/www.vc-trade.de\/welcome\/de\/ueber-uns\/\" \/>\n<meta property=\"og:locale\" content=\"de_DE\" \/>\n<meta property=\"og:type\" content=\"article\" \/>\n<meta property=\"og:title\" content=\"\u00dcber uns - vc trade\" \/>\n<meta property=\"og:description\" content=\"Wir stehen f\u00fcr Innovation und Fortschritt. Lernen Sie unsere Mission und unser Team kennen.\" \/>\n<meta property=\"og:url\" content=\"https:\/\/www.vc-trade.de\/welcome\/de\/ueber-uns\/\" \/>\n<meta property=\"og:site_name\" content=\"vc trade\" \/>\n<meta property=\"article:modified_time\" content=\"2022-04-09T06:28:11+00:00\" \/>\n<meta property=\"og:image\" content=\"https:\/\/www.vc-trade.de\/welcome\/wp-content\/uploads\/2020\/07\/UE3_Rakete-1024x632.jpg\" \/>\n<meta name=\"twitter:card\" content=\"summary_large_image\" \/>\n<meta name=\"twitter:label1\" content=\"Gesch\u00e4tzte Lesezeit\" \/>\n\t<meta name=\"twitter:data1\" content=\"4\u00a0Minuten\" \/>\n<script type=\"application\/ld+json\" class=\"yoast-schema-graph\">{\"@context\":\"https:\\\/\\\/schema.org\",\"@graph\":[{\"@type\":\"WebPage\",\"@id\":\"https:\\\/\\\/www.vc-trade.de\\\/welcome\\\/de\\\/ueber-uns\\\/\",\"url\":\"https:\\\/\\\/www.vc-trade.de\\\/welcome\\\/de\\\/ueber-uns\\\/\",\"name\":\"\u00dcber uns - vc trade\",\"isPartOf\":{\"@id\":\"https:\\\/\\\/www.vc-trade.de\\\/welcome\\\/de\\\/#website\"},\"primaryImageOfPage\":{\"@id\":\"https:\\\/\\\/www.vc-trade.de\\\/welcome\\\/de\\\/ueber-uns\\\/#primaryimage\"},\"image\":{\"@id\":\"https:\\\/\\\/www.vc-trade.de\\\/welcome\\\/de\\\/ueber-uns\\\/#primaryimage\"},\"thumbnailUrl\":\"https:\\\/\\\/www.vc-trade.de\\\/welcome\\\/wp-content\\\/uploads\\\/2020\\\/07\\\/UE3_Rakete-1024x632.jpg\",\"datePublished\":\"2020-04-02T19:03:21+00:00\",\"dateModified\":\"2022-04-09T06:28:11+00:00\",\"description\":\"Wir stehen f\u00fcr Innovation und Fortschritt. Lernen Sie unsere Mission und unser Team kennen.\",\"breadcrumb\":{\"@id\":\"https:\\\/\\\/www.vc-trade.de\\\/welcome\\\/de\\\/ueber-uns\\\/#breadcrumb\"},\"inLanguage\":\"de\",\"potentialAction\":[{\"@type\":\"ReadAction\",\"target\":[\"https:\\\/\\\/www.vc-trade.de\\\/welcome\\\/de\\\/ueber-uns\\\/\"]}]},{\"@type\":\"ImageObject\",\"inLanguage\":\"de\",\"@id\":\"https:\\\/\\\/www.vc-trade.de\\\/welcome\\\/de\\\/ueber-uns\\\/#primaryimage\",\"url\":\"https:\\\/\\\/www.vc-trade.de\\\/welcome\\\/wp-content\\\/uploads\\\/2020\\\/07\\\/UE3_Rakete-1024x632.jpg\",\"contentUrl\":\"https:\\\/\\\/www.vc-trade.de\\\/welcome\\\/wp-content\\\/uploads\\\/2020\\\/07\\\/UE3_Rakete-1024x632.jpg\"},{\"@type\":\"BreadcrumbList\",\"@id\":\"https:\\\/\\\/www.vc-trade.de\\\/welcome\\\/de\\\/ueber-uns\\\/#breadcrumb\",\"itemListElement\":[{\"@type\":\"ListItem\",\"position\":1,\"name\":\"Start\",\"item\":\"https:\\\/\\\/www.vc-trade.de\\\/welcome\\\/de\\\/\"},{\"@type\":\"ListItem\",\"position\":2,\"name\":\"\u00dcber uns\"}]},{\"@type\":\"WebSite\",\"@id\":\"https:\\\/\\\/www.vc-trade.de\\\/welcome\\\/de\\\/#website\",\"url\":\"https:\\\/\\\/www.vc-trade.de\\\/welcome\\\/de\\\/\",\"name\":\"vc trade\",\"description\":\"Der Marktplatz der digitalen Zukunft\",\"publisher\":{\"@id\":\"https:\\\/\\\/www.vc-trade.de\\\/welcome\\\/de\\\/#organization\"},\"potentialAction\":[{\"@type\":\"SearchAction\",\"target\":{\"@type\":\"EntryPoint\",\"urlTemplate\":\"https:\\\/\\\/www.vc-trade.de\\\/welcome\\\/de\\\/?s={search_term_string}\"},\"query-input\":{\"@type\":\"PropertyValueSpecification\",\"valueRequired\":true,\"valueName\":\"search_term_string\"}}],\"inLanguage\":\"de\"},{\"@type\":\"Organization\",\"@id\":\"https:\\\/\\\/www.vc-trade.de\\\/welcome\\\/de\\\/#organization\",\"name\":\"vc trade\",\"url\":\"https:\\\/\\\/www.vc-trade.de\\\/welcome\\\/de\\\/\",\"logo\":{\"@type\":\"ImageObject\",\"inLanguage\":\"de\",\"@id\":\"https:\\\/\\\/www.vc-trade.de\\\/welcome\\\/de\\\/#\\\/schema\\\/logo\\\/image\\\/\",\"url\":\"https:\\\/\\\/www.vc-trade.de\\\/welcome\\\/wp-content\\\/uploads\\\/2020\\\/04\\\/logo.svg\",\"contentUrl\":\"https:\\\/\\\/www.vc-trade.de\\\/welcome\\\/wp-content\\\/uploads\\\/2020\\\/04\\\/logo.svg\",\"caption\":\"vc trade\"},\"image\":{\"@id\":\"https:\\\/\\\/www.vc-trade.de\\\/welcome\\\/de\\\/#\\\/schema\\\/logo\\\/image\\\/\"}}]}<\/script>\n<!-- \/ Yoast SEO plugin. -->","yoast_head_json":{"title":"\u00dcber uns - vc trade","description":"Wir stehen f\u00fcr Innovation und Fortschritt. Lernen Sie unsere Mission und unser Team kennen.","robots":{"index":"index","follow":"follow","max-snippet":"max-snippet:-1","max-image-preview":"max-image-preview:large","max-video-preview":"max-video-preview:-1"},"canonical":"https:\/\/www.vc-trade.de\/welcome\/de\/ueber-uns\/","og_locale":"de_DE","og_type":"article","og_title":"\u00dcber uns - vc trade","og_description":"Wir stehen f\u00fcr Innovation und Fortschritt. Lernen Sie unsere Mission und unser Team kennen.","og_url":"https:\/\/www.vc-trade.de\/welcome\/de\/ueber-uns\/","og_site_name":"vc trade","article_modified_time":"2022-04-09T06:28:11+00:00","og_image":[{"url":"https:\/\/www.vc-trade.de\/welcome\/wp-content\/uploads\/2020\/07\/UE3_Rakete-1024x632.jpg","type":"","width":"","height":""}],"twitter_card":"summary_large_image","twitter_misc":{"Gesch\u00e4tzte Lesezeit":"4\u00a0Minuten"},"schema":{"@context":"https:\/\/schema.org","@graph":[{"@type":"WebPage","@id":"https:\/\/www.vc-trade.de\/welcome\/de\/ueber-uns\/","url":"https:\/\/www.vc-trade.de\/welcome\/de\/ueber-uns\/","name":"\u00dcber uns - vc trade","isPartOf":{"@id":"https:\/\/www.vc-trade.de\/welcome\/de\/#website"},"primaryImageOfPage":{"@id":"https:\/\/www.vc-trade.de\/welcome\/de\/ueber-uns\/#primaryimage"},"image":{"@id":"https:\/\/www.vc-trade.de\/welcome\/de\/ueber-uns\/#primaryimage"},"thumbnailUrl":"https:\/\/www.vc-trade.de\/welcome\/wp-content\/uploads\/2020\/07\/UE3_Rakete-1024x632.jpg","datePublished":"2020-04-02T19:03:21+00:00","dateModified":"2022-04-09T06:28:11+00:00","description":"Wir stehen f\u00fcr Innovation und Fortschritt. Lernen Sie unsere Mission und unser Team kennen.","breadcrumb":{"@id":"https:\/\/www.vc-trade.de\/welcome\/de\/ueber-uns\/#breadcrumb"},"inLanguage":"de","potentialAction":[{"@type":"ReadAction","target":["https:\/\/www.vc-trade.de\/welcome\/de\/ueber-uns\/"]}]},{"@type":"ImageObject","inLanguage":"de","@id":"https:\/\/www.vc-trade.de\/welcome\/de\/ueber-uns\/#primaryimage","url":"https:\/\/www.vc-trade.de\/welcome\/wp-content\/uploads\/2020\/07\/UE3_Rakete-1024x632.jpg","contentUrl":"https:\/\/www.vc-trade.de\/welcome\/wp-content\/uploads\/2020\/07\/UE3_Rakete-1024x632.jpg"},{"@type":"BreadcrumbList","@id":"https:\/\/www.vc-trade.de\/welcome\/de\/ueber-uns\/#breadcrumb","itemListElement":[{"@type":"ListItem","position":1,"name":"Start","item":"https:\/\/www.vc-trade.de\/welcome\/de\/"},{"@type":"ListItem","position":2,"name":"\u00dcber uns"}]},{"@type":"WebSite","@id":"https:\/\/www.vc-trade.de\/welcome\/de\/#website","url":"https:\/\/www.vc-trade.de\/welcome\/de\/","name":"vc trade","description":"Der Marktplatz der digitalen Zukunft","publisher":{"@id":"https:\/\/www.vc-trade.de\/welcome\/de\/#organization"},"potentialAction":[{"@type":"SearchAction","target":{"@type":"EntryPoint","urlTemplate":"https:\/\/www.vc-trade.de\/welcome\/de\/?s={search_term_string}"},"query-input":{"@type":"PropertyValueSpecification","valueRequired":true,"valueName":"search_term_string"}}],"inLanguage":"de"},{"@type":"Organization","@id":"https:\/\/www.vc-trade.de\/welcome\/de\/#organization","name":"vc trade","url":"https:\/\/www.vc-trade.de\/welcome\/de\/","logo":{"@type":"ImageObject","inLanguage":"de","@id":"https:\/\/www.vc-trade.de\/welcome\/de\/#\/schema\/logo\/image\/","url":"https:\/\/www.vc-trade.de\/welcome\/wp-content\/uploads\/2020\/04\/logo.svg","contentUrl":"https:\/\/www.vc-trade.de\/welcome\/wp-content\/uploads\/2020\/04\/logo.svg","caption":"vc trade"},"image":{"@id":"https:\/\/www.vc-trade.de\/welcome\/de\/#\/schema\/logo\/image\/"}}]}},"_links":{"self":[{"href":"https:\/\/www.vc-trade.de\/welcome\/de\/wp-json\/wp\/v2\/pages\/5","targetHints":{"allow":["GET"]}}],"collection":[{"href":"https:\/\/www.vc-trade.de\/welcome\/de\/wp-json\/wp\/v2\/pages"}],"about":[{"href":"https:\/\/www.vc-trade.de\/welcome\/de\/wp-json\/wp\/v2\/types\/page"}],"author":[{"embeddable":true,"href":"https:\/\/www.vc-trade.de\/welcome\/de\/wp-json\/wp\/v2\/users\/6"}],"replies":[{"embeddable":true,"href":"https:\/\/www.vc-trade.de\/welcome\/de\/wp-json\/wp\/v2\/comments?post=5"}],"version-history":[{"count":2,"href":"https:\/\/www.vc-trade.de\/welcome\/de\/wp-json\/wp\/v2\/pages\/5\/revisions"}],"predecessor-version":[{"id":2843,"href":"https:\/\/www.vc-trade.de\/welcome\/de\/wp-json\/wp\/v2\/pages\/5\/revisions\/2843"}],"wp:attachment":[{"href":"https:\/\/www.vc-trade.de\/welcome\/de\/wp-json\/wp\/v2\/media?parent=5"}],"curies":[{"name":"wp","href":"https:\/\/api.w.org\/{rel}","templated":true}]}}