{"id":285,"date":"2020-04-13T15:17:03","date_gmt":"2020-04-13T13:17:03","guid":{"rendered":"https:\/\/www.vc-trade.de\/welcome\/?page_id=285"},"modified":"2020-09-09T08:38:41","modified_gmt":"2020-09-09T06:38:41","slug":"rechtliche-hinweise","status":"publish","type":"page","link":"https:\/\/www.vc-trade.de\/welcome\/de\/rechtliche-hinweise\/","title":{"rendered":"Rechtliche Hinweise"},"content":{"rendered":"\n<h2 class=\"wp-block-heading\">Haftungsbeschr\u00e4nkung f\u00fcr eigene Inhalte<\/h2>\n\n\n\n<p>Die auf dieser Website enthaltenen Informationen wurden von uns sorgf\u00e4ltig zusammengestellt und beruhen auch auf als zuverl\u00e4ssig erachteten allgemein zug\u00e4nglichen Quellen. F\u00fcr die Richtigkeit, Vollst\u00e4ndigkeit und Aktualit\u00e4t der Informationen auf dieser Website \u00fcbernehmen wir jedoch keinerlei Gew\u00e4hr, Haftung oder Garantie.<\/p>\n\n\n\n<p>Der Inhalt dieser Website stellt kein Angebot zum Abschluss eines Vertrages dar und enth\u00e4lt keine rechtsgesch\u00e4ftlichen oder sonstigen Erkl\u00e4rungen unsererseits, ist nicht als Beratung jedweder Art anzusehen, ist unverbindlich und dient ausschlie\u00dflich Informationszwecken.<\/p>\n\n\n\n<p>Wir behalten es uns ausdr\u00fccklich vor, Teile der Website oder deren gesamten Inhalt ohne gesonderte Ank\u00fcndigung zu ver\u00e4ndern, zu erg\u00e4nzen, zu l\u00f6schen oder die Ver\u00f6ffentlichung zeitweise oder endg\u00fcltig einzustellen.<\/p>\n\n\n\n<h2 class=\"wp-block-heading\">Haftungsbeschr\u00e4nkung f\u00fcr externe Links<\/h2>\n\n\n\n<p>Diese Website enth\u00e4lt unter Umst\u00e4nden sog. &#8222;externe Links&#8220; (Verkn\u00fcpfungen zu Websites Dritter), auf deren Inhalt wir keinen Einfluss haben und f\u00fcr welchen wir daher keinerlei Verantwortung \u00fcbernehmen. F\u00fcr die Inhalte und Richtigkeit der Informationen auf derartigen externen Links ist der jeweilige Informationsanbieter der verlinkten Website ausschlie\u00dflich verantwortlich. Fremde verlinkte Websites werden von uns nicht permanent anlasslos kontrolliert. Sollte uns eine Rechtsverletzung bekannt werden, wird der jeweilige Link umgehend entfernt.<\/p>\n\n\n\n<h2 class=\"wp-block-heading\">Urheberrecht<\/h2>\n\n\n\n<p>Die auf dieser Website ver\u00f6ffentlichten Inhalte und Werke unterliegen dem deutschen Urheberrecht. Jede Art der Vervielf\u00e4ltigung, Bearbeitung, Verbreitung und jede Art der Verwertung au\u00dferhalb der Grenzen des Urheberrechts bedarf der vorherigen schriftlichen Zustimmung des jeweiligen Urhebers bzw. Autors. Downloads und Kopien von Inhalten auf oder der Website als solcher sowie eine Verlinkung auf diese Website bed\u00fcrfen unserer ausdr\u00fccklichen vorherigen schriftlichen Zustimmung. Inhalte Dritter werden auf der Website als solche kenntlich gemacht.<\/p>\n\n\n\n<h2 class=\"wp-block-heading\">Verwendete Software \/ Lizenzen<\/h2>\n\n\n\n<p><a href=\"https:\/\/www.vc-trade.de\/licenses.txt\" target=\"_blank\" aria-label=\"undefined (opens in a new tab)\" rel=\"noreferrer noopener\">vc trade Plattform<\/a><\/p>\n\n\n\n<p><a href=\"https:\/\/www.vc-trade.de\/welcome\/licenses.txt\" target=\"_blank\" rel=\"noreferrer noopener\">Landing Page<\/a><\/p>\n","protected":false},"excerpt":{"rendered":"<p>Haftungsbeschr\u00e4nkung f\u00fcr eigene Inhalte Die auf dieser Website enthaltenen Informationen wurden von uns sorgf\u00e4ltig zusammengestellt und beruhen auch auf als zuverl\u00e4ssig erachteten allgemein zug\u00e4nglichen Quellen. F\u00fcr die Richtigkeit, Vollst\u00e4ndigkeit und&#8230;<\/p>\n","protected":false},"author":6,"featured_media":0,"parent":0,"menu_order":0,"comment_status":"closed","ping_status":"closed","template":"","meta":{"footnotes":""},"class_list":["post-285","page","type-page","status-publish","hentry"],"yoast_head":"<!-- This site is optimized with the Yoast SEO plugin v27.4 - https:\/\/yoast.com\/product\/yoast-seo-wordpress\/ -->\n<title>Rechtliche Hinweise - vc trade<\/title>\n<meta name=\"robots\" content=\"index, follow, max-snippet:-1, max-image-preview:large, max-video-preview:-1\" \/>\n<link rel=\"canonical\" href=\"https:\/\/www.vc-trade.de\/welcome\/de\/rechtliche-hinweise\/\" \/>\n<meta property=\"og:locale\" content=\"de_DE\" \/>\n<meta property=\"og:type\" content=\"article\" \/>\n<meta property=\"og:title\" content=\"Rechtliche Hinweise - vc trade\" \/>\n<meta property=\"og:description\" content=\"Haftungsbeschr\u00e4nkung f\u00fcr eigene Inhalte Die auf dieser Website enthaltenen Informationen wurden von uns sorgf\u00e4ltig zusammengestellt und beruhen auch auf als zuverl\u00e4ssig erachteten allgemein zug\u00e4nglichen Quellen. F\u00fcr die Richtigkeit, Vollst\u00e4ndigkeit und...\" \/>\n<meta property=\"og:url\" content=\"https:\/\/www.vc-trade.de\/welcome\/de\/rechtliche-hinweise\/\" \/>\n<meta property=\"og:site_name\" content=\"vc trade\" \/>\n<meta property=\"article:modified_time\" content=\"2020-09-09T06:38:41+00:00\" \/>\n<meta name=\"twitter:card\" content=\"summary_large_image\" \/>\n<meta name=\"twitter:label1\" content=\"Gesch\u00e4tzte Lesezeit\" \/>\n\t<meta name=\"twitter:data1\" content=\"1\u00a0Minute\" \/>\n<script type=\"application\/ld+json\" class=\"yoast-schema-graph\">{\"@context\":\"https:\\\/\\\/schema.org\",\"@graph\":[{\"@type\":\"WebPage\",\"@id\":\"https:\\\/\\\/www.vc-trade.de\\\/welcome\\\/de\\\/rechtliche-hinweise\\\/\",\"url\":\"https:\\\/\\\/www.vc-trade.de\\\/welcome\\\/de\\\/rechtliche-hinweise\\\/\",\"name\":\"Rechtliche Hinweise - vc trade\",\"isPartOf\":{\"@id\":\"https:\\\/\\\/www.vc-trade.de\\\/welcome\\\/de\\\/#website\"},\"datePublished\":\"2020-04-13T13:17:03+00:00\",\"dateModified\":\"2020-09-09T06:38:41+00:00\",\"breadcrumb\":{\"@id\":\"https:\\\/\\\/www.vc-trade.de\\\/welcome\\\/de\\\/rechtliche-hinweise\\\/#breadcrumb\"},\"inLanguage\":\"de\",\"potentialAction\":[{\"@type\":\"ReadAction\",\"target\":[\"https:\\\/\\\/www.vc-trade.de\\\/welcome\\\/de\\\/rechtliche-hinweise\\\/\"]}]},{\"@type\":\"BreadcrumbList\",\"@id\":\"https:\\\/\\\/www.vc-trade.de\\\/welcome\\\/de\\\/rechtliche-hinweise\\\/#breadcrumb\",\"itemListElement\":[{\"@type\":\"ListItem\",\"position\":1,\"name\":\"Start\",\"item\":\"https:\\\/\\\/www.vc-trade.de\\\/welcome\\\/de\\\/\"},{\"@type\":\"ListItem\",\"position\":2,\"name\":\"Rechtliche Hinweise\"}]},{\"@type\":\"WebSite\",\"@id\":\"https:\\\/\\\/www.vc-trade.de\\\/welcome\\\/de\\\/#website\",\"url\":\"https:\\\/\\\/www.vc-trade.de\\\/welcome\\\/de\\\/\",\"name\":\"vc trade\",\"description\":\"Der Marktplatz der digitalen Zukunft\",\"publisher\":{\"@id\":\"https:\\\/\\\/www.vc-trade.de\\\/welcome\\\/de\\\/#organization\"},\"potentialAction\":[{\"@type\":\"SearchAction\",\"target\":{\"@type\":\"EntryPoint\",\"urlTemplate\":\"https:\\\/\\\/www.vc-trade.de\\\/welcome\\\/de\\\/?s={search_term_string}\"},\"query-input\":{\"@type\":\"PropertyValueSpecification\",\"valueRequired\":true,\"valueName\":\"search_term_string\"}}],\"inLanguage\":\"de\"},{\"@type\":\"Organization\",\"@id\":\"https:\\\/\\\/www.vc-trade.de\\\/welcome\\\/de\\\/#organization\",\"name\":\"vc trade\",\"url\":\"https:\\\/\\\/www.vc-trade.de\\\/welcome\\\/de\\\/\",\"logo\":{\"@type\":\"ImageObject\",\"inLanguage\":\"de\",\"@id\":\"https:\\\/\\\/www.vc-trade.de\\\/welcome\\\/de\\\/#\\\/schema\\\/logo\\\/image\\\/\",\"url\":\"https:\\\/\\\/www.vc-trade.de\\\/welcome\\\/wp-content\\\/uploads\\\/2020\\\/04\\\/logo.svg\",\"contentUrl\":\"https:\\\/\\\/www.vc-trade.de\\\/welcome\\\/wp-content\\\/uploads\\\/2020\\\/04\\\/logo.svg\",\"caption\":\"vc trade\"},\"image\":{\"@id\":\"https:\\\/\\\/www.vc-trade.de\\\/welcome\\\/de\\\/#\\\/schema\\\/logo\\\/image\\\/\"}}]}<\/script>\n<!-- \/ Yoast SEO plugin. -->","yoast_head_json":{"title":"Rechtliche Hinweise - vc trade","robots":{"index":"index","follow":"follow","max-snippet":"max-snippet:-1","max-image-preview":"max-image-preview:large","max-video-preview":"max-video-preview:-1"},"canonical":"https:\/\/www.vc-trade.de\/welcome\/de\/rechtliche-hinweise\/","og_locale":"de_DE","og_type":"article","og_title":"Rechtliche Hinweise - vc trade","og_description":"Haftungsbeschr\u00e4nkung f\u00fcr eigene Inhalte Die auf dieser Website enthaltenen Informationen wurden von uns sorgf\u00e4ltig zusammengestellt und beruhen auch auf als zuverl\u00e4ssig erachteten allgemein zug\u00e4nglichen Quellen. F\u00fcr die Richtigkeit, Vollst\u00e4ndigkeit und...","og_url":"https:\/\/www.vc-trade.de\/welcome\/de\/rechtliche-hinweise\/","og_site_name":"vc trade","article_modified_time":"2020-09-09T06:38:41+00:00","twitter_card":"summary_large_image","twitter_misc":{"Gesch\u00e4tzte Lesezeit":"1\u00a0Minute"},"schema":{"@context":"https:\/\/schema.org","@graph":[{"@type":"WebPage","@id":"https:\/\/www.vc-trade.de\/welcome\/de\/rechtliche-hinweise\/","url":"https:\/\/www.vc-trade.de\/welcome\/de\/rechtliche-hinweise\/","name":"Rechtliche Hinweise - vc trade","isPartOf":{"@id":"https:\/\/www.vc-trade.de\/welcome\/de\/#website"},"datePublished":"2020-04-13T13:17:03+00:00","dateModified":"2020-09-09T06:38:41+00:00","breadcrumb":{"@id":"https:\/\/www.vc-trade.de\/welcome\/de\/rechtliche-hinweise\/#breadcrumb"},"inLanguage":"de","potentialAction":[{"@type":"ReadAction","target":["https:\/\/www.vc-trade.de\/welcome\/de\/rechtliche-hinweise\/"]}]},{"@type":"BreadcrumbList","@id":"https:\/\/www.vc-trade.de\/welcome\/de\/rechtliche-hinweise\/#breadcrumb","itemListElement":[{"@type":"ListItem","position":1,"name":"Start","item":"https:\/\/www.vc-trade.de\/welcome\/de\/"},{"@type":"ListItem","position":2,"name":"Rechtliche Hinweise"}]},{"@type":"WebSite","@id":"https:\/\/www.vc-trade.de\/welcome\/de\/#website","url":"https:\/\/www.vc-trade.de\/welcome\/de\/","name":"vc trade","description":"Der Marktplatz der digitalen Zukunft","publisher":{"@id":"https:\/\/www.vc-trade.de\/welcome\/de\/#organization"},"potentialAction":[{"@type":"SearchAction","target":{"@type":"EntryPoint","urlTemplate":"https:\/\/www.vc-trade.de\/welcome\/de\/?s={search_term_string}"},"query-input":{"@type":"PropertyValueSpecification","valueRequired":true,"valueName":"search_term_string"}}],"inLanguage":"de"},{"@type":"Organization","@id":"https:\/\/www.vc-trade.de\/welcome\/de\/#organization","name":"vc trade","url":"https:\/\/www.vc-trade.de\/welcome\/de\/","logo":{"@type":"ImageObject","inLanguage":"de","@id":"https:\/\/www.vc-trade.de\/welcome\/de\/#\/schema\/logo\/image\/","url":"https:\/\/www.vc-trade.de\/welcome\/wp-content\/uploads\/2020\/04\/logo.svg","contentUrl":"https:\/\/www.vc-trade.de\/welcome\/wp-content\/uploads\/2020\/04\/logo.svg","caption":"vc trade"},"image":{"@id":"https:\/\/www.vc-trade.de\/welcome\/de\/#\/schema\/logo\/image\/"}}]}},"_links":{"self":[{"href":"https:\/\/www.vc-trade.de\/welcome\/de\/wp-json\/wp\/v2\/pages\/285","targetHints":{"allow":["GET"]}}],"collection":[{"href":"https:\/\/www.vc-trade.de\/welcome\/de\/wp-json\/wp\/v2\/pages"}],"about":[{"href":"https:\/\/www.vc-trade.de\/welcome\/de\/wp-json\/wp\/v2\/types\/page"}],"author":[{"embeddable":true,"href":"https:\/\/www.vc-trade.de\/welcome\/de\/wp-json\/wp\/v2\/users\/6"}],"replies":[{"embeddable":true,"href":"https:\/\/www.vc-trade.de\/welcome\/de\/wp-json\/wp\/v2\/comments?post=285"}],"version-history":[{"count":3,"href":"https:\/\/www.vc-trade.de\/welcome\/de\/wp-json\/wp\/v2\/pages\/285\/revisions"}],"predecessor-version":[{"id":2053,"href":"https:\/\/www.vc-trade.de\/welcome\/de\/wp-json\/wp\/v2\/pages\/285\/revisions\/2053"}],"wp:attachment":[{"href":"https:\/\/www.vc-trade.de\/welcome\/de\/wp-json\/wp\/v2\/media?parent=285"}],"curies":[{"name":"wp","href":"https:\/\/api.w.org\/{rel}","templated":true}]}}