{"id":283,"date":"2020-04-13T15:16:46","date_gmt":"2020-04-13T13:16:46","guid":{"rendered":"https:\/\/www.vc-trade.de\/welcome\/?page_id=283"},"modified":"2025-03-31T18:36:47","modified_gmt":"2025-03-31T16:36:47","slug":"impressum","status":"publish","type":"page","link":"https:\/\/www.vc-trade.de\/welcome\/de\/impressum\/","title":{"rendered":"Impressum"},"content":{"rendered":"\n<p><strong>Sitz<\/strong><br>vc trade GmbH<br>Neue Mainzer Stra\u00dfe 66-68<br>60311 Frankfurt am Main<br>Deutschland<\/p>\n\n\n\n<p><strong>Postanschrift<\/strong><br>vc trade GmbH<br>Postfach 90 03 49<br>60443 Frankfurt am Main<br>Deutschland<\/p>\n\n\n\n<p>Tel.: +49 69 945 198 869<br>Email: info@vc-trade.de<\/p>\n\n\n\n<p>Handelsregister Amtsgericht Frankfurt am Main, HRB 113059<br>Gesch\u00e4ftsf\u00fchrer: Tobias Z\u00f6ller, Stefan Fromme<\/p>\n\n\n\n<p>Gewerbeerlaubnis nach \u00a7 34c GewO sowie nach \u00a7 34f GewO und Registrierung nach \u00a7 11a GewO<\/p>\n\n\n\n<p>Umsatzsteueridentifikationsnummer: DE 815824636<\/p>\n","protected":false},"excerpt":{"rendered":"<p>Sitzvc trade GmbHNeue Mainzer Stra\u00dfe 66-6860311 Frankfurt am MainDeutschland Postanschriftvc trade GmbHPostfach 90 03 4960443 Frankfurt am MainDeutschland Tel.: +49 69 945 198 869Email: info@vc-trade.de Handelsregister Amtsgericht Frankfurt am Main,&#8230;<\/p>\n","protected":false},"author":6,"featured_media":0,"parent":0,"menu_order":0,"comment_status":"closed","ping_status":"closed","template":"","meta":{"footnotes":""},"class_list":["post-283","page","type-page","status-publish","hentry"],"yoast_head":"<!-- This site is optimized with the Yoast SEO plugin v27.4 - https:\/\/yoast.com\/product\/yoast-seo-wordpress\/ -->\n<title>Impressum - vc trade<\/title>\n<meta name=\"robots\" content=\"index, follow, max-snippet:-1, max-image-preview:large, max-video-preview:-1\" \/>\n<link rel=\"canonical\" href=\"https:\/\/www.vc-trade.de\/welcome\/de\/impressum\/\" \/>\n<meta property=\"og:locale\" content=\"de_DE\" \/>\n<meta property=\"og:type\" content=\"article\" \/>\n<meta property=\"og:title\" content=\"Impressum - vc trade\" \/>\n<meta property=\"og:description\" content=\"Sitzvc trade GmbHNeue Mainzer Stra\u00dfe 66-6860311 Frankfurt am MainDeutschland Postanschriftvc trade GmbHPostfach 90 03 4960443 Frankfurt am MainDeutschland Tel.: +49 69 945 198 869Email: info@vc-trade.de Handelsregister Amtsgericht Frankfurt am Main,...\" \/>\n<meta property=\"og:url\" content=\"https:\/\/www.vc-trade.de\/welcome\/de\/impressum\/\" \/>\n<meta property=\"og:site_name\" content=\"vc trade\" \/>\n<meta property=\"article:modified_time\" content=\"2025-03-31T16:36:47+00:00\" \/>\n<meta name=\"twitter:card\" content=\"summary_large_image\" \/>\n<meta name=\"twitter:label1\" content=\"Gesch\u00e4tzte Lesezeit\" \/>\n\t<meta name=\"twitter:data1\" content=\"1\u00a0Minute\" \/>\n<script type=\"application\/ld+json\" class=\"yoast-schema-graph\">{\"@context\":\"https:\\\/\\\/schema.org\",\"@graph\":[{\"@type\":\"WebPage\",\"@id\":\"https:\\\/\\\/www.vc-trade.de\\\/welcome\\\/de\\\/impressum\\\/\",\"url\":\"https:\\\/\\\/www.vc-trade.de\\\/welcome\\\/de\\\/impressum\\\/\",\"name\":\"Impressum - vc trade\",\"isPartOf\":{\"@id\":\"https:\\\/\\\/www.vc-trade.de\\\/welcome\\\/de\\\/#website\"},\"datePublished\":\"2020-04-13T13:16:46+00:00\",\"dateModified\":\"2025-03-31T16:36:47+00:00\",\"breadcrumb\":{\"@id\":\"https:\\\/\\\/www.vc-trade.de\\\/welcome\\\/de\\\/impressum\\\/#breadcrumb\"},\"inLanguage\":\"de\",\"potentialAction\":[{\"@type\":\"ReadAction\",\"target\":[\"https:\\\/\\\/www.vc-trade.de\\\/welcome\\\/de\\\/impressum\\\/\"]}]},{\"@type\":\"BreadcrumbList\",\"@id\":\"https:\\\/\\\/www.vc-trade.de\\\/welcome\\\/de\\\/impressum\\\/#breadcrumb\",\"itemListElement\":[{\"@type\":\"ListItem\",\"position\":1,\"name\":\"Start\",\"item\":\"https:\\\/\\\/www.vc-trade.de\\\/welcome\\\/de\\\/\"},{\"@type\":\"ListItem\",\"position\":2,\"name\":\"Impressum\"}]},{\"@type\":\"WebSite\",\"@id\":\"https:\\\/\\\/www.vc-trade.de\\\/welcome\\\/de\\\/#website\",\"url\":\"https:\\\/\\\/www.vc-trade.de\\\/welcome\\\/de\\\/\",\"name\":\"vc trade\",\"description\":\"Der Marktplatz der digitalen Zukunft\",\"publisher\":{\"@id\":\"https:\\\/\\\/www.vc-trade.de\\\/welcome\\\/de\\\/#organization\"},\"potentialAction\":[{\"@type\":\"SearchAction\",\"target\":{\"@type\":\"EntryPoint\",\"urlTemplate\":\"https:\\\/\\\/www.vc-trade.de\\\/welcome\\\/de\\\/?s={search_term_string}\"},\"query-input\":{\"@type\":\"PropertyValueSpecification\",\"valueRequired\":true,\"valueName\":\"search_term_string\"}}],\"inLanguage\":\"de\"},{\"@type\":\"Organization\",\"@id\":\"https:\\\/\\\/www.vc-trade.de\\\/welcome\\\/de\\\/#organization\",\"name\":\"vc trade\",\"url\":\"https:\\\/\\\/www.vc-trade.de\\\/welcome\\\/de\\\/\",\"logo\":{\"@type\":\"ImageObject\",\"inLanguage\":\"de\",\"@id\":\"https:\\\/\\\/www.vc-trade.de\\\/welcome\\\/de\\\/#\\\/schema\\\/logo\\\/image\\\/\",\"url\":\"https:\\\/\\\/www.vc-trade.de\\\/welcome\\\/wp-content\\\/uploads\\\/2020\\\/04\\\/logo.svg\",\"contentUrl\":\"https:\\\/\\\/www.vc-trade.de\\\/welcome\\\/wp-content\\\/uploads\\\/2020\\\/04\\\/logo.svg\",\"caption\":\"vc trade\"},\"image\":{\"@id\":\"https:\\\/\\\/www.vc-trade.de\\\/welcome\\\/de\\\/#\\\/schema\\\/logo\\\/image\\\/\"}}]}<\/script>\n<!-- \/ Yoast SEO plugin. -->","yoast_head_json":{"title":"Impressum - vc trade","robots":{"index":"index","follow":"follow","max-snippet":"max-snippet:-1","max-image-preview":"max-image-preview:large","max-video-preview":"max-video-preview:-1"},"canonical":"https:\/\/www.vc-trade.de\/welcome\/de\/impressum\/","og_locale":"de_DE","og_type":"article","og_title":"Impressum - vc trade","og_description":"Sitzvc trade GmbHNeue Mainzer Stra\u00dfe 66-6860311 Frankfurt am MainDeutschland Postanschriftvc trade GmbHPostfach 90 03 4960443 Frankfurt am MainDeutschland Tel.: +49 69 945 198 869Email: info@vc-trade.de Handelsregister Amtsgericht Frankfurt am Main,...","og_url":"https:\/\/www.vc-trade.de\/welcome\/de\/impressum\/","og_site_name":"vc trade","article_modified_time":"2025-03-31T16:36:47+00:00","twitter_card":"summary_large_image","twitter_misc":{"Gesch\u00e4tzte Lesezeit":"1\u00a0Minute"},"schema":{"@context":"https:\/\/schema.org","@graph":[{"@type":"WebPage","@id":"https:\/\/www.vc-trade.de\/welcome\/de\/impressum\/","url":"https:\/\/www.vc-trade.de\/welcome\/de\/impressum\/","name":"Impressum - vc trade","isPartOf":{"@id":"https:\/\/www.vc-trade.de\/welcome\/de\/#website"},"datePublished":"2020-04-13T13:16:46+00:00","dateModified":"2025-03-31T16:36:47+00:00","breadcrumb":{"@id":"https:\/\/www.vc-trade.de\/welcome\/de\/impressum\/#breadcrumb"},"inLanguage":"de","potentialAction":[{"@type":"ReadAction","target":["https:\/\/www.vc-trade.de\/welcome\/de\/impressum\/"]}]},{"@type":"BreadcrumbList","@id":"https:\/\/www.vc-trade.de\/welcome\/de\/impressum\/#breadcrumb","itemListElement":[{"@type":"ListItem","position":1,"name":"Start","item":"https:\/\/www.vc-trade.de\/welcome\/de\/"},{"@type":"ListItem","position":2,"name":"Impressum"}]},{"@type":"WebSite","@id":"https:\/\/www.vc-trade.de\/welcome\/de\/#website","url":"https:\/\/www.vc-trade.de\/welcome\/de\/","name":"vc trade","description":"Der Marktplatz der digitalen Zukunft","publisher":{"@id":"https:\/\/www.vc-trade.de\/welcome\/de\/#organization"},"potentialAction":[{"@type":"SearchAction","target":{"@type":"EntryPoint","urlTemplate":"https:\/\/www.vc-trade.de\/welcome\/de\/?s={search_term_string}"},"query-input":{"@type":"PropertyValueSpecification","valueRequired":true,"valueName":"search_term_string"}}],"inLanguage":"de"},{"@type":"Organization","@id":"https:\/\/www.vc-trade.de\/welcome\/de\/#organization","name":"vc trade","url":"https:\/\/www.vc-trade.de\/welcome\/de\/","logo":{"@type":"ImageObject","inLanguage":"de","@id":"https:\/\/www.vc-trade.de\/welcome\/de\/#\/schema\/logo\/image\/","url":"https:\/\/www.vc-trade.de\/welcome\/wp-content\/uploads\/2020\/04\/logo.svg","contentUrl":"https:\/\/www.vc-trade.de\/welcome\/wp-content\/uploads\/2020\/04\/logo.svg","caption":"vc trade"},"image":{"@id":"https:\/\/www.vc-trade.de\/welcome\/de\/#\/schema\/logo\/image\/"}}]}},"_links":{"self":[{"href":"https:\/\/www.vc-trade.de\/welcome\/de\/wp-json\/wp\/v2\/pages\/283","targetHints":{"allow":["GET"]}}],"collection":[{"href":"https:\/\/www.vc-trade.de\/welcome\/de\/wp-json\/wp\/v2\/pages"}],"about":[{"href":"https:\/\/www.vc-trade.de\/welcome\/de\/wp-json\/wp\/v2\/types\/page"}],"author":[{"embeddable":true,"href":"https:\/\/www.vc-trade.de\/welcome\/de\/wp-json\/wp\/v2\/users\/6"}],"replies":[{"embeddable":true,"href":"https:\/\/www.vc-trade.de\/welcome\/de\/wp-json\/wp\/v2\/comments?post=283"}],"version-history":[{"count":3,"href":"https:\/\/www.vc-trade.de\/welcome\/de\/wp-json\/wp\/v2\/pages\/283\/revisions"}],"predecessor-version":[{"id":3484,"href":"https:\/\/www.vc-trade.de\/welcome\/de\/wp-json\/wp\/v2\/pages\/283\/revisions\/3484"}],"wp:attachment":[{"href":"https:\/\/www.vc-trade.de\/welcome\/de\/wp-json\/wp\/v2\/media?parent=283"}],"curies":[{"name":"wp","href":"https:\/\/api.w.org\/{rel}","templated":true}]}}